{"id":8,"date":"2022-03-01T18:37:28","date_gmt":"2022-03-01T18:37:28","guid":{"rendered":"http:\/\/coppeliaclub.com\/?page_id=8"},"modified":"2022-06-05T18:05:32","modified_gmt":"2022-06-05T18:05:32","slug":"carta","status":"publish","type":"page","link":"https:\/\/coppeliaclub.com\/?page_id=8","title":{"rendered":"Carta"},"content":{"rendered":"\n<h2 class=\"has-large-font-size wp-block-heading\" id=\"inspiro-is-a-digital-product-agency-that-focuses-on-strategy-and-design\" style=\"font-style:normal;font-weight:100\"><strong><em>Cocktails de Coppelia Club:<\/em><\/strong><\/h2>\n\n\n\n<div class=\"wp-block-columns alignwide is-layout-flex wp-container-core-columns-is-layout-1 wp-block-columns-is-layout-flex\">\n<div class=\"wp-block-column is-layout-flow wp-block-column-is-layout-flow\">\n<figure class=\"wp-block-image size-full\"><img loading=\"lazy\" decoding=\"async\" width=\"190\" height=\"285\" src=\"https:\/\/coppeliaclub.com\/wp-content\/uploads\/2022\/03\/clasicos.jpg\" alt=\"\" class=\"wp-image-45\"\/><\/figure>\n\n\n\n<p class=\"has-black-color has-text-color has-medium-font-size\">C\u00f3cteles cl\u00e1sicos:<\/p>\n\n\n\n<p>Preg\u00fantale a nuestro barman por tu c\u00f3ctel cl\u00e1sico preferido.<\/p>\n<\/div>\n\n\n\n<div class=\"wp-block-column is-layout-flow wp-block-column-is-layout-flow\">\n<figure class=\"wp-block-image size-full\"><img loading=\"lazy\" decoding=\"async\" width=\"190\" height=\"285\" src=\"https:\/\/coppeliaclub.com\/wp-content\/uploads\/2022\/03\/mojito.jpg\" alt=\"\" class=\"wp-image-47\"\/><\/figure>\n\n\n\n<p>Mojito:<\/p>\n\n\n\n<p class=\"has-text-color\" style=\"color:#7a7a7a\">Receta prestada del m\u00edtico Mamain\u00e9.<\/p>\n<\/div>\n\n\n\n<div class=\"wp-block-column is-layout-flow wp-block-column-is-layout-flow\">\n<figure class=\"wp-block-image size-full\"><img loading=\"lazy\" decoding=\"async\" width=\"190\" height=\"285\" src=\"https:\/\/coppeliaclub.com\/wp-content\/uploads\/2022\/03\/vicky.jpg\" alt=\"\" class=\"wp-image-48\"\/><\/figure>\n\n\n\n<p class=\"has-black-color has-text-color has-medium-font-size\">Vicky Christina:<\/p>\n\n\n\n<p class=\"has-text-color\" style=\"color:#7a7a7a\">Inspirado en el Mediterr\u00e1neo, disfrutado en todo el mundo.<\/p>\n<\/div>\n<\/div>\n\n\n\n<div class=\"wp-block-columns alignwide is-layout-flex wp-container-core-columns-is-layout-2 wp-block-columns-is-layout-flex\">\n<div class=\"wp-block-column is-layout-flow wp-block-column-is-layout-flow\">\n<figure class=\"wp-block-image size-full\"><img loading=\"lazy\" decoding=\"async\" width=\"190\" height=\"285\" src=\"https:\/\/coppeliaclub.com\/wp-content\/uploads\/2022\/03\/elements.jpg\" alt=\"\" class=\"wp-image-50\"\/><\/figure>\n\n\n\n<p class=\"has-black-color has-text-color has-medium-font-size\">Elements <a href=\"https:\/\/www.limusinaspremiumbarcelona.com\/alquiler-limusina-en-badalona\/\">Badalona<\/a>:<\/p>\n\n\n\n<p>Cuatro elementos indispensables, un sabor \u00fanico.<\/p>\n<\/div>\n\n\n\n<div class=\"wp-block-column is-layout-flow wp-block-column-is-layout-flow\">\n<figure class=\"wp-block-image size-full\"><img loading=\"lazy\" decoding=\"async\" width=\"190\" height=\"285\" src=\"https:\/\/coppeliaclub.com\/wp-content\/uploads\/2022\/03\/uluvca.jpg\" alt=\"\" class=\"wp-image-52\"\/><\/figure>\n\n\n\n<p>Uluvka Berry:<\/p>\n\n\n\n<p class=\"has-text-color\" style=\"color:#7a7a7a\">Sutil mezcla de fresas salvajes con un vodka noble.<\/p>\n<\/div>\n\n\n\n<div class=\"wp-block-column is-layout-flow wp-block-column-is-layout-flow\">\n<figure class=\"wp-block-image size-full\"><img loading=\"lazy\" decoding=\"async\" width=\"190\" height=\"285\" src=\"https:\/\/coppeliaclub.com\/wp-content\/uploads\/2022\/03\/nilo.jpg\" alt=\"\" class=\"wp-image-53\"\/><\/figure>\n\n\n\n<p class=\"has-black-color has-text-color has-medium-font-size\">Nilo<\/p>\n\n\n\n<p class=\"has-text-color\" style=\"color:#7a7a7a\">Ex\u00f3tico, paradis\u00edaco y refrescante.<\/p>\n<\/div>\n<\/div>\n\n\n\n<div class=\"wp-block-columns alignwide is-layout-flex wp-container-core-columns-is-layout-3 wp-block-columns-is-layout-flex\">\n<div class=\"wp-block-column is-layout-flow wp-block-column-is-layout-flow\">\n<figure class=\"wp-block-image size-full\"><img loading=\"lazy\" decoding=\"async\" width=\"190\" height=\"285\" src=\"https:\/\/coppeliaclub.com\/wp-content\/uploads\/2022\/03\/varsovia.jpg\" alt=\"\" class=\"wp-image-54\"\/><\/figure>\n\n\n\n<p>Varsovia:<\/p>\n\n\n\n<p>De Polonia a Oriente<br>en cada sorbo.<\/p>\n<\/div>\n\n\n\n<div class=\"wp-block-column is-layout-flow wp-block-column-is-layout-flow\">\n<figure class=\"wp-block-image size-full\"><img loading=\"lazy\" decoding=\"async\" width=\"190\" height=\"285\" src=\"https:\/\/coppeliaclub.com\/wp-content\/uploads\/2022\/03\/mojitogranada.jpg\" alt=\"\" class=\"wp-image-55\"\/><\/figure>\n\n\n\n<p>Mojito de Granada:<\/p>\n\n\n\n<p class=\"has-text-color\" style=\"color:#7a7a7a\">Cl\u00e1sico tropical de sabor inigualable.<\/p>\n<\/div>\n\n\n\n<div class=\"wp-block-column is-layout-flow wp-block-column-is-layout-flow\">\n<figure class=\"wp-block-image size-full\"><img loading=\"lazy\" decoding=\"async\" width=\"190\" height=\"285\" src=\"https:\/\/coppeliaclub.com\/wp-content\/uploads\/2022\/03\/ly.jpg\" alt=\"\" class=\"wp-image-56\"\/><\/figure>\n\n\n\n<p class=\"has-black-color has-text-color has-medium-font-size\">L.Y.<\/p>\n\n\n\n<p class=\"has-text-color\" style=\"color:#7a7a7a\">Ni batido ni mezclado, simplemente ex\u00f3tico!<\/p>\n<\/div>\n<\/div>\n\n\n\n<div style=\"height:100px\" aria-hidden=\"true\" class=\"wp-block-spacer\"><\/div>\n\n\n\n<div class=\"wp-block-cover alignfull\" style=\"padding-top:50px;padding-right:50px;padding-bottom:50px;padding-left:50px;min-height:316px;aspect-ratio:unset;\"><span aria-hidden=\"true\" class=\"has-black-background-color has-background-dim-100 wp-block-cover__gradient-background has-background-dim\"><\/span><div class=\"wp-block-cover__inner-container is-layout-flow wp-block-cover-is-layout-flow\">\n<div class=\"wp-block-columns are-vertically-aligned-center is-layout-flex wp-container-core-columns-is-layout-4 wp-block-columns-is-layout-flex\">\n<div class=\"wp-block-column is-vertically-aligned-center is-layout-flow wp-block-column-is-layout-flow\" style=\"padding-top:20px;padding-right:0px;padding-bottom:20px;padding-left:0px\">\n<div class=\"wp-block-group is-content-justification-space-between is-nowrap is-layout-flex wp-container-core-group-is-layout-2 wp-block-group-is-layout-flex\">\n<figure class=\"wp-block-image size-full\"><img decoding=\"async\" src=\"https:\/\/coppeliaclub.com\/wp-content\/themes\/inspiro\/assets\/images\/laurel_left.png\" alt=\"\"\/><\/figure>\n\n\n\n<div class=\"wp-block-group is-layout-flow wp-block-group-is-layout-flow\">\n<p class=\"has-text-align-center has-white-color has-text-color\" style=\"font-size:clamp(14px, 0.875rem + ((1vw - 3.2px) * 0.354), 18px);line-height:1\"><strong>&#8220;Best Film&#8221;<br><\/strong>Winner<\/p>\n<\/div>\n\n\n\n<figure class=\"wp-block-image size-full\"><img decoding=\"async\" src=\"https:\/\/coppeliaclub.com\/wp-content\/themes\/inspiro\/assets\/images\/laurel_right.png\" alt=\"\"\/><\/figure>\n<\/div>\n<\/div>\n\n\n\n<div class=\"wp-block-column is-vertically-aligned-center is-layout-flow wp-block-column-is-layout-flow\" style=\"padding-top:20px;padding-right:0px;padding-bottom:20px;padding-left:0px\">\n<div class=\"wp-block-group is-content-justification-space-between is-nowrap is-layout-flex wp-container-core-group-is-layout-4 wp-block-group-is-layout-flex\">\n<figure class=\"wp-block-image size-full\"><img decoding=\"async\" src=\"https:\/\/coppeliaclub.com\/wp-content\/themes\/inspiro\/assets\/images\/laurel_left.png\" alt=\"\"\/><\/figure>\n\n\n\n<div class=\"wp-block-group is-layout-flow wp-block-group-is-layout-flow\">\n<p class=\"has-text-align-center has-white-color has-text-color\" style=\"font-size:clamp(14px, 0.875rem + ((1vw - 3.2px) * 0.354), 18px);line-height:1\"><strong>&#8220;New Film Festival&#8221;<\/strong><br>Winner<\/p>\n<\/div>\n\n\n\n<figure class=\"wp-block-image size-full\"><img decoding=\"async\" src=\"https:\/\/coppeliaclub.com\/wp-content\/themes\/inspiro\/assets\/images\/laurel_right.png\" alt=\"\"\/><\/figure>\n<\/div>\n<\/div>\n\n\n\n<div class=\"wp-block-column is-vertically-aligned-center is-layout-flow wp-block-column-is-layout-flow\" style=\"padding-top:20px;padding-right:0px;padding-bottom:20px;padding-left:0px\">\n<div class=\"wp-block-group is-content-justification-space-between is-nowrap is-layout-flex wp-container-core-group-is-layout-6 wp-block-group-is-layout-flex\">\n<figure class=\"wp-block-image size-full\"><img decoding=\"async\" src=\"https:\/\/coppeliaclub.com\/wp-content\/themes\/inspiro\/assets\/images\/laurel_left.png\" alt=\"\"\/><\/figure>\n\n\n\n<div class=\"wp-block-group is-layout-flow wp-block-group-is-layout-flow\">\n<p class=\"has-text-align-center has-white-color has-text-color\" style=\"font-size:clamp(14px, 0.875rem + ((1vw - 3.2px) * 0.354), 18px);line-height:1\"><strong>&#8220;Best Short&#8221;<\/strong><br>Winner<\/p>\n<\/div>\n\n\n\n<figure class=\"wp-block-image size-full\"><img decoding=\"async\" src=\"https:\/\/coppeliaclub.com\/wp-content\/themes\/inspiro\/assets\/images\/laurel_right.png\" alt=\"\"\/><\/figure>\n<\/div>\n<\/div>\n<\/div>\n<\/div><\/div>\n\n\n\n<p><\/p>\n","protected":false},"excerpt":{"rendered":"<p>Cocktails de Coppelia Club: C\u00f3cteles cl\u00e1sicos: Preg\u00fantale a nuestro barman por tu c\u00f3ctel cl\u00e1sico preferido. Mojito: Receta prestada del m\u00edtico Mamain\u00e9. Vicky Christina: Inspirado en el Mediterr\u00e1neo, disfrutado en todo el mundo. Elements Badalona: Cuatro elementos indispensables, un sabor \u00fanico. Uluvka Berry: Sutil mezcla de fresas salvajes con un vodka noble. Nilo Ex\u00f3tico, paradis\u00edaco y &hellip; <\/p>\n<p class=\"link-more\"><a href=\"https:\/\/coppeliaclub.com\/?page_id=8\" class=\"more-link\">Read more<span class=\"screen-reader-text\"> &#8220;Carta&#8221;<\/span><\/a><\/p>\n","protected":false},"author":1,"featured_media":22,"parent":0,"menu_order":0,"comment_status":"closed","ping_status":"closed","template":"","meta":{"inspiro_hide_title":false,"footnotes":""},"_links":{"self":[{"href":"https:\/\/coppeliaclub.com\/index.php?rest_route=\/wp\/v2\/pages\/8"}],"collection":[{"href":"https:\/\/coppeliaclub.com\/index.php?rest_route=\/wp\/v2\/pages"}],"about":[{"href":"https:\/\/coppeliaclub.com\/index.php?rest_route=\/wp\/v2\/types\/page"}],"author":[{"embeddable":true,"href":"https:\/\/coppeliaclub.com\/index.php?rest_route=\/wp\/v2\/users\/1"}],"replies":[{"embeddable":true,"href":"https:\/\/coppeliaclub.com\/index.php?rest_route=%2Fwp%2Fv2%2Fcomments&post=8"}],"version-history":[{"count":9,"href":"https:\/\/coppeliaclub.com\/index.php?rest_route=\/wp\/v2\/pages\/8\/revisions"}],"predecessor-version":[{"id":94,"href":"https:\/\/coppeliaclub.com\/index.php?rest_route=\/wp\/v2\/pages\/8\/revisions\/94"}],"wp:featuredmedia":[{"embeddable":true,"href":"https:\/\/coppeliaclub.com\/index.php?rest_route=\/wp\/v2\/media\/22"}],"wp:attachment":[{"href":"https:\/\/coppeliaclub.com\/index.php?rest_route=%2Fwp%2Fv2%2Fmedia&parent=8"}],"curies":[{"name":"wp","href":"https:\/\/api.w.org\/{rel}","templated":true}]}}