{"id":7,"date":"2022-03-01T18:37:28","date_gmt":"2022-03-01T18:37:28","guid":{"rendered":"http:\/\/coppeliaclub.com\/?page_id=7"},"modified":"2024-10-21T08:44:49","modified_gmt":"2024-10-21T08:44:49","slug":"beautiful-portfolios-for-exceptional-creatives","status":"publish","type":"page","link":"https:\/\/coppeliaclub.com\/","title":{"rendered":"\u00a1Bienvenidos a nuestra Web!"},"content":{"rendered":"\n<p class=\"has-text-align-center\"><meta charset=\"utf-8\"><\/p>\n\n\n\n<p>La cocteler\u00eda Premium de Barcelona. En Coppelia Club, una discoteca parecida a <a href=\"https:\/\/mykonosviptables.com\/en\/club\/tabu-mykonos\"><strong>Tabu Mykonos<\/strong><\/a> de grecia, encontrar\u00e1s un ambiente exclusivo acompa\u00f1ado de una cuidada carta de c\u00f3cteles, que va desde los m\u00e1s reconocidos y tradicionales hasta los de elaboraci\u00f3n propia.<\/p>\n\n\n\n<p>En Coppelia, colaboramos con la discoteca m\u00e1s famosa, toda la gente de coopelia va all\u00ed ahora, as\u00ed que no dudes en reservar y entrar gratis a la <a href=\"https:\/\/youbarcelona.com\/es\/discoteca\/shoko-barcelona\"><strong>discoteca Shoko Barcelona<\/strong><\/a>. La discoteca Shoko es una de las mas famosas del puerto Olimpico, en la playa, y podr\u00e1s bailar el mejor hiphop. Te esperamos en la discoteca Shoko, una de las mas famosas de Villa Olimpica en Barcelona por zona puerto. <\/p>\n\n\n\n<p>Si quieres disfrutar de una discoteca como Coopelia, puedes venir aqui y entrar completamente gratis apuntandote en Lista. No te lo pienses. Si quieres disfrutar de los mejores cocktails como se disfruta cuando reservas cuando vas a Dubai. If you want to go and enjoy best  parties in Dubai, you can do ir with our <strong><a href=\"https:\/\/dubaitables.com\/\">Dubai Bottle Service<\/a><\/strong> in the best nightclubs of dubai.<\/p>\n\n\n\n<p>Tambien una discoteca exclusiva donde podras reservar tu <a href=\"https:\/\/barcelonatables.com\/club\/sutton\"><strong>VIP table en Sutton<\/strong><\/a>, club situado en la calle Tuset de la zona alta de Barcelona. Si buscas una discoteca como Coopelia para tomar copas a buen precio, te esperamos. Si quieres la entrada en discoteca, puedes hacerlo gratis. <\/p>\n\n\n\n<p><br><strong>&nbsp;<\/strong><\/p>\n\n\n\n<div style=\"height:55px\" aria-hidden=\"true\" class=\"wp-block-spacer\"><\/div>\n\n\n\n<div class=\"wp-block-group alignfull has-white-color has-black-background-color has-text-color has-background is-layout-flow wp-block-group-is-layout-flow\">\n<div class=\"wp-block-columns is-layout-flex wp-container-core-columns-is-layout-1 wp-block-columns-is-layout-flex\">\n<div class=\"wp-block-column is-vertically-aligned-center is-layout-flow wp-block-column-is-layout-flow\">\n<h2 class=\"wp-block-heading\"><strong>Carrer Rera Palau 4, el Born, 08003 Barcelona \u00b7<\/strong><\/h2>\n\n\n\n<p>El Coppelia Club es un local dise\u00f1ado por el prestigioso fot\u00f3grafo de moda Jaume De Laiguana, de est\u00e9tica retro y forrado en piel, con muebles de estilo chesterfield y sillones de piel. Coppelia se presenta como una buena alternativa en el barrio de El Born para disfrutar de buenos c\u00f3cteles gracias a su amplia variedad.<\/p>\n\n\n\n<p>El local es id\u00f3neo para fiestas privadas, con gusto por el detalle y el buen servicio, sin estridencias ni volumen demasiado elevado, un concepto m\u00e1s acorde con un club de socios que un club de baile. Una cocteler\u00eda premium donde pasar tus noches m\u00e1s elegantes.<\/p>\n\n\n\n<p><\/p>\n<\/div>\n\n\n\n<div class=\"wp-block-column is-layout-flow wp-block-column-is-layout-flow\">\n<div style=\"height:48px\" aria-hidden=\"true\" class=\"wp-block-spacer\"><\/div>\n\n\n\n<figure class=\"wp-block-image size-full\"><img loading=\"lazy\" decoding=\"async\" width=\"578\" height=\"482\" src=\"https:\/\/coppeliaclub.com\/wp-content\/uploads\/2022\/03\/copelia-1-1.png\" alt=\"\" class=\"wp-image-28\" srcset=\"https:\/\/coppeliaclub.com\/wp-content\/uploads\/2022\/03\/copelia-1-1.png 578w, https:\/\/coppeliaclub.com\/wp-content\/uploads\/2022\/03\/copelia-1-1-300x250.png 300w\" sizes=\"(max-width: 578px) 100vw, 578px\" \/><\/figure>\n<\/div>\n<\/div>\n<\/div>\n","protected":false},"excerpt":{"rendered":"<p>La cocteler\u00eda Premium de Barcelona. En Coppelia Club, una discoteca parecida a Tabu Mykonos de grecia, encontrar\u00e1s un ambiente exclusivo acompa\u00f1ado de una cuidada carta de c\u00f3cteles, que va desde los m\u00e1s reconocidos y tradicionales hasta los de elaboraci\u00f3n propia. En Coppelia, colaboramos con la discoteca m\u00e1s famosa, toda la gente de coopelia va all\u00ed &hellip; <\/p>\n<p class=\"link-more\"><a href=\"https:\/\/coppeliaclub.com\/\" class=\"more-link\">Read more<span class=\"screen-reader-text\"> &#8220;\u00a1Bienvenidos a nuestra Web!&#8221;<\/span><\/a><\/p>\n","protected":false},"author":1,"featured_media":6,"parent":0,"menu_order":0,"comment_status":"closed","ping_status":"closed","template":"","meta":{"inspiro_hide_title":false,"footnotes":""},"_links":{"self":[{"href":"https:\/\/coppeliaclub.com\/index.php?rest_route=\/wp\/v2\/pages\/7"}],"collection":[{"href":"https:\/\/coppeliaclub.com\/index.php?rest_route=\/wp\/v2\/pages"}],"about":[{"href":"https:\/\/coppeliaclub.com\/index.php?rest_route=\/wp\/v2\/types\/page"}],"author":[{"embeddable":true,"href":"https:\/\/coppeliaclub.com\/index.php?rest_route=\/wp\/v2\/users\/1"}],"replies":[{"embeddable":true,"href":"https:\/\/coppeliaclub.com\/index.php?rest_route=%2Fwp%2Fv2%2Fcomments&post=7"}],"version-history":[{"count":18,"href":"https:\/\/coppeliaclub.com\/index.php?rest_route=\/wp\/v2\/pages\/7\/revisions"}],"predecessor-version":[{"id":252,"href":"https:\/\/coppeliaclub.com\/index.php?rest_route=\/wp\/v2\/pages\/7\/revisions\/252"}],"wp:featuredmedia":[{"embeddable":true,"href":"https:\/\/coppeliaclub.com\/index.php?rest_route=\/wp\/v2\/media\/6"}],"wp:attachment":[{"href":"https:\/\/coppeliaclub.com\/index.php?rest_route=%2Fwp%2Fv2%2Fmedia&parent=7"}],"curies":[{"name":"wp","href":"https:\/\/api.w.org\/{rel}","templated":true}]}}